{"id":6,"date":"2020-11-18T05:44:21","date_gmt":"2020-11-18T05:44:21","guid":{"rendered":"http:\/\/keskosverige.wpengine.com\/?page_id=6"},"modified":"2025-01-27T07:58:46","modified_gmt":"2025-01-27T07:58:46","slug":"6-2","status":"publish","type":"page","link":"https:\/\/kesko.jobylon.com\/","title":{"rendered":"Home"},"content":{"rendered":"<p>[et_pb_section fb_built=&#8221;1&#8243; _builder_version=&#8221;4.27.4&#8243; _module_preset=&#8221;default&#8221; background_color=&#8221;#FFFFFF&#8221; background_image=&#8221;https:\/\/kesko.jobylon.com\/wp-content\/uploads\/2025\/01\/Header-Jobylon_1300x360.png&#8221; background_position=&#8221;bottom_center&#8221; hover_enabled=&#8221;0&#8243; background_last_edited=&#8221;on|tablet&#8221; global_colors_info=&#8221;{}&#8221; title_text_tablet=&#8221;kesko-cover&#8221; title_text=&#8221;Header Jobylon_1300x360&#8243; sticky_enabled=&#8221;0&#8243;][et_pb_row column_structure=&#8221;1_2,1_2&#8243; _builder_version=&#8221;4.16&#8243; _module_preset=&#8221;default&#8221; global_colors_info=&#8221;{}&#8221;][et_pb_column type=&#8221;1_2&#8243; _builder_version=&#8221;4.16&#8243; _module_preset=&#8221;default&#8221; global_colors_info=&#8221;{}&#8221;][et_pb_cta title=&#8221;Kesko Sveriges m\u00e5l \u00e4r att bli nr 1 inom bygg- och teknisk handel.&#8221; button_url=&#8221;#positions&#8221; button_text=&#8221;Lediga Jobb hos Kesko Sverige&#8221; _builder_version=&#8221;4.16&#8243; _module_preset=&#8221;default&#8221; body_font_size=&#8221;24px&#8221; background_enable_color=&#8221;off&#8221; custom_button=&#8221;on&#8221; button_bg_color=&#8221;#00205b&#8221; button_border_width=&#8221;0px&#8221; text_orientation=&#8221;left&#8221; header_text_shadow_style=&#8221;preset3&#8243; text_shadow_style=&#8221;preset3&#8243; global_colors_info=&#8221;{}&#8221;]<\/p>\n<p><strong>Vill du vara med?<\/strong><\/p>\n<p>[\/et_pb_cta][\/et_pb_column][et_pb_column type=&#8221;1_2&#8243; _builder_version=&#8221;4.16&#8243; _module_preset=&#8221;default&#8221; global_colors_info=&#8221;{}&#8221;][\/et_pb_column][\/et_pb_row][\/et_pb_section][et_pb_section fb_built=&#8221;1&#8243; _builder_version=&#8221;4.16&#8243; _module_preset=&#8221;default&#8221; background_color=&#8221;#fafafa&#8221; border_width_top=&#8221;4px&#8221; border_color_top=&#8221;#00205b&#8221; border_width_bottom=&#8221;4px&#8221; border_color_bottom=&#8221;#00205b&#8221; global_colors_info=&#8221;{}&#8221;][et_pb_row column_structure=&#8221;1_2,1_2&#8243; make_equal=&#8221;on&#8221; _builder_version=&#8221;4.27.4&#8243; _module_preset=&#8221;default&#8221; global_colors_info=&#8221;{}&#8221;][et_pb_column type=&#8221;1_2&#8243; _builder_version=&#8221;4.16&#8243; _module_preset=&#8221;default&#8221; global_colors_info=&#8221;{}&#8221;][et_pb_text _builder_version=&#8221;4.27.4&#8243; _module_preset=&#8221;default&#8221; custom_padding=&#8221;50px||50px||false|false&#8221; global_colors_info=&#8221;{}&#8221;]<\/p>\n<p><img loading=\"lazy\" decoding=\"async\" src=\"http:\/\/keskosverige.wpengine.com\/wp-content\/uploads\/2020\/11\/KBYGG_BURGUNDY_HORIZONTAL_CMYK-kopia-1-300x66.png\" width=\"200\" height=\"44\" alt=\"\" class=\"wp-image-36 alignnone size-medium\" \/><\/p>\n<p>K-Bygg \u00e4r bygghandeln som satsar p\u00e5 kunskap, kvalitet och kompetens. Hos oss hittar byggproffsen kvalitetsprodukterna och materialet som beh\u00f6vs f\u00f6r byggprojekten och h\u00e4r finns l\u00e5ng erfarenhet och stor kunskap av att f\u00f6rverkliga byggprojekt.<\/p>\n<p>Vi jobbar n\u00e4ra v\u00e5ra proffskunder och ser till att alla delar av bygglivet faller p\u00e5 plats, med allt fr\u00e5n smidiga leveranser, planering av projekt och guidning kring materialval.<br \/>Ni hittar K-Bygg p\u00e5 mer \u00e4n femtio orter runt om i Sverige samt via v\u00e5r e-handel och h\u00e4r kan vi erbjuda ett stort och brett sortiment av varor anpassade f\u00f6r era byggbehov. I<\/p>\n<p>K-Bygg ing\u00e5r \u00e4ven G\u00e4rdin &amp; Persson i \u00d6stersund, Harjus i \u00d6rnsk\u00f6ldsvik samt \u00d6vik L\u00e5steknik i \u00d6rnsk\u00f6ldsvik.<\/p>\n<p>Bes\u00f6k g\u00e4rna v\u00e5r webbshop p\u00e5\u00a0<a href=\"https:\/\/k-bygg.se\/\" target=\"_blank\" rel=\"noopener\">kbygg.se<\/a>.<\/p>\n<p>[\/et_pb_text][\/et_pb_column][et_pb_column type=&#8221;1_2&#8243; _builder_version=&#8221;4.27.4&#8243; _module_preset=&#8221;default&#8221; background_image=&#8221;https:\/\/kesko.jobylon.com\/wp-content\/uploads\/2025\/01\/Capture-One-Catalog0167-low.jpg&#8221; custom_css_main_element=&#8221;margin: 0 auto;&#8221; global_colors_info=&#8221;{}&#8221;][\/et_pb_column][\/et_pb_row][et_pb_row column_structure=&#8221;1_2,1_2&#8243; make_equal=&#8221;on&#8221; _builder_version=&#8221;4.27.4&#8243; _module_preset=&#8221;default&#8221; global_colors_info=&#8221;{}&#8221;][et_pb_column type=&#8221;1_2&#8243; _builder_version=&#8221;4.16&#8243; _module_preset=&#8221;default&#8221; global_colors_info=&#8221;{}&#8221;][et_pb_text _builder_version=&#8221;4.27.4&#8243; _module_preset=&#8221;default&#8221; custom_padding=&#8221;50px||50px||false|false&#8221; global_colors_info=&#8221;{}&#8221;]<\/p>\n<p><a href=\"https:\/\/kesko.jobylon.com\/wp-content\/uploads\/2021\/05\/onninen.svg\"><img loading=\"lazy\" decoding=\"async\" src=\"https:\/\/kesko.jobylon.com\/wp-content\/uploads\/2021\/05\/onninen.svg\" width=\"300\" height=\"300\" alt=\"\" class=\"wp-image-90 alignnone size-medium\" \/><\/a><\/p>\n<p>Onninen Sverige \u00e4r en teknisk grossist med fokus p\u00e5 digitala, f\u00f6rnybara och serviceorienterade l\u00f6sningar f\u00f6r en stabil infrastruktur och en h\u00e5llbar framtid.\u00a0 Vi har specialiserade och tillg\u00e4ngliga kundteam med h\u00f6g teknisk kompetens och starkt know-how inom alla v\u00e5ra aff\u00e4rsomr\u00e5den.<\/p>\n<p>Hos oss hittar v\u00e5ra kunder ett omfattande utbud av produkter och tj\u00e4nster inom eln\u00e4t, elinstallation, f\u00f6rnybart, telekom, belysning och VA f\u00f6r proffs.<br \/>Onninen best\u00e5r av tre aff\u00e4rsomr\u00e5den; Eln\u00e4t, Mark &amp; Infra och Installation &amp; F\u00f6rnybart. Vi hj\u00e4lper v\u00e5ra kunder med r\u00e4tt produktportf\u00f6lj och bidrar till smidig planering och smarta ink\u00f6p.<\/p>\n<p>Bes\u00f6k g\u00e4rna v\u00e5r webbshop p\u00e5\u00a0<a href=\"https:\/\/www.onninen.se\/\" target=\"_blank\" rel=\"noopener\">Onninen.se<\/a>.<\/p>\n<p>[\/et_pb_text][\/et_pb_column][et_pb_column type=&#8221;1_2&#8243; _builder_version=&#8221;4.27.4&#8243; _module_preset=&#8221;default&#8221; background_image=&#8221;https:\/\/kesko.jobylon.com\/wp-content\/uploads\/2025\/01\/DSC04196-1-scaled.jpg&#8221; custom_css_main_element=&#8221;margin: 0 auto;&#8221; global_colors_info=&#8221;{}&#8221;][\/et_pb_column][\/et_pb_row][et_pb_row column_structure=&#8221;1_4,1_4,1_4,1_4&#8243; make_equal=&#8221;on&#8221; _builder_version=&#8221;4.16&#8243; _module_preset=&#8221;default&#8221; module_alignment=&#8221;center&#8221; global_colors_info=&#8221;{}&#8221;][et_pb_column type=&#8221;1_4&#8243; _builder_version=&#8221;4.16&#8243; _module_preset=&#8221;default&#8221; custom_css_main_element=&#8221;margin: auto;&#8221; global_colors_info=&#8221;{}&#8221;][et_pb_image src=&#8221;https:\/\/kesko.jobylon.com\/wp-content\/uploads\/2020\/11\/kbygg.svg&#8221; title_text=&#8221;kbygg&#8221; url=&#8221;https:\/\/k-bygg.se\/&#8221; url_new_window=&#8221;on&#8221; align=&#8221;center&#8221; _builder_version=&#8221;4.16&#8243; _module_preset=&#8221;default&#8221; global_colors_info=&#8221;{}&#8221;][\/et_pb_image][\/et_pb_column][et_pb_column type=&#8221;1_4&#8243; _builder_version=&#8221;4.16&#8243; _module_preset=&#8221;default&#8221; custom_css_main_element=&#8221;margin: auto;&#8221; global_colors_info=&#8221;{}&#8221;][et_pb_image src=&#8221;https:\/\/kesko.jobylon.com\/wp-content\/uploads\/2021\/05\/onninen.svg&#8221; title_text=&#8221;onninen&#8221; url=&#8221;https:\/\/www.onninen.se\/&#8221; url_new_window=&#8221;on&#8221; _builder_version=&#8221;4.16&#8243; _module_preset=&#8221;default&#8221; global_colors_info=&#8221;{}&#8221;][\/et_pb_image][\/et_pb_column][et_pb_column type=&#8221;1_4&#8243; _builder_version=&#8221;4.16&#8243; _module_preset=&#8221;default&#8221; custom_css_main_element=&#8221;margin: auto;&#8221; global_colors_info=&#8221;{}&#8221;][et_pb_image src=&#8221;https:\/\/kesko.jobylon.com\/wp-content\/uploads\/2020\/11\/gp-2.png&#8221; title_text=&#8221;gp&#8221; url=&#8221;https:\/\/www.gardinpersson.se\/&#8221; url_new_window=&#8221;on&#8221; _builder_version=&#8221;4.16&#8243; _module_preset=&#8221;default&#8221; global_colors_info=&#8221;{}&#8221;][\/et_pb_image][\/et_pb_column][et_pb_column type=&#8221;1_4&#8243; _builder_version=&#8221;4.16&#8243; _module_preset=&#8221;default&#8221; custom_css_main_element=&#8221;margin: auto;&#8221; global_colors_info=&#8221;{}&#8221;][et_pb_image src=&#8221;https:\/\/kesko.jobylon.com\/wp-content\/uploads\/2020\/12\/o\u0308vik_la\u030asteknik-PNG-2020-09-08.png&#8221; title_text=&#8221;o\u0308vik_la\u030asteknik PNG 2020-09-08&#8243; url=&#8221;https:\/\/www.lasteknik.com\/&#8221; url_new_window=&#8221;on&#8221; _builder_version=&#8221;4.16&#8243; _module_preset=&#8221;default&#8221; global_colors_info=&#8221;{}&#8221;][\/et_pb_image][\/et_pb_column][\/et_pb_row][\/et_pb_section][et_pb_section fb_built=&#8221;1&#8243; module_id=&#8221;positions&#8221; _builder_version=&#8221;4.16&#8243; _module_preset=&#8221;default&#8221; global_colors_info=&#8221;{}&#8221;][et_pb_row _builder_version=&#8221;4.16&#8243; _module_preset=&#8221;default&#8221; global_colors_info=&#8221;{}&#8221;][et_pb_column type=&#8221;4_4&#8243; _builder_version=&#8221;4.16&#8243; _module_preset=&#8221;default&#8221; global_colors_info=&#8221;{}&#8221;][et_pb_text _builder_version=&#8221;4.16&#8243; _module_preset=&#8221;default&#8221; global_colors_info=&#8221;{}&#8221;]<\/p>\n<h2>Lediga jobb hos Kesko Sverige<\/h2>\n<p>[\/et_pb_text][\/et_pb_column][\/et_pb_row][et_pb_row _builder_version=&#8221;4.16&#8243; _module_preset=&#8221;default&#8221; global_colors_info=&#8221;{}&#8221;][et_pb_column type=&#8221;4_4&#8243; _builder_version=&#8221;4.16&#8243; _module_preset=&#8221;default&#8221; global_colors_info=&#8221;{}&#8221;][et_pb_code _builder_version=&#8221;4.16&#8243; _module_preset=&#8221;default&#8221; global_colors_info=&#8221;{}&#8221;]<\/p>\n<div id=\"jobylon-jobs-widget\"><\/div>\n<p><!-- [et_pb_line_break_holder] --><script type=\"text\/javascript\"><!-- [et_pb_line_break_holder] --><!-- [et_pb_line_break_holder] -->  \/*** CONFIGURATION ***\/<!-- [et_pb_line_break_holder] -->  var jbl_group_id = 199;<!-- [et_pb_line_break_holder] -->  var jbl_version = 'v2';<!-- [et_pb_line_break_holder] -->  var jbl_page_size = 10;<!-- [et_pb_line_break_holder] --><!-- [et_pb_line_break_holder] --><!-- [et_pb_line_break_holder] -->  \/*** DON'T EDIT BELOW THIS LINE ***\/<!-- [et_pb_line_break_holder] -->  (function() {<!-- [et_pb_line_break_holder] -->    var el = document.createElement('script');<!-- [et_pb_line_break_holder] -->    el.src = 'https:\/\/cdn.jobylon.com\/embedder.js';<!-- [et_pb_line_break_holder] -->    el.type = 'text\/javascript';<!-- [et_pb_line_break_holder] -->    el.async = true;<!-- [et_pb_line_break_holder] -->    d = (document.getElementsByTagName('head')[0] || document.getElementsByTagName('body')[0]);<!-- [et_pb_line_break_holder] -->    d.appendChild(el);<!-- [et_pb_line_break_holder] -->  })();<!-- [et_pb_line_break_holder] --><\/script>[\/et_pb_code][\/et_pb_column][\/et_pb_row][\/et_pb_section][et_pb_section fb_built=&#8221;1&#8243; _builder_version=&#8221;4.16&#8243; _module_preset=&#8221;default&#8221; border_width_top=&#8221;4px&#8221; border_color_top=&#8221;#00205b&#8221; global_colors_info=&#8221;{}&#8221;][et_pb_row column_structure=&#8221;1_2,1_2&#8243; make_equal=&#8221;on&#8221; _builder_version=&#8221;4.16&#8243; _module_preset=&#8221;default&#8221; global_colors_info=&#8221;{}&#8221;][et_pb_column type=&#8221;1_2&#8243; _builder_version=&#8221;4.16&#8243; _module_preset=&#8221;default&#8221; global_colors_info=&#8221;{}&#8221;][et_pb_text _builder_version=&#8221;4.27.4&#8243; _module_preset=&#8221;default&#8221; global_colors_info=&#8221;{}&#8221;]<\/p>\n<h2>OM OSS<\/h2>\n<p data-pm-slice=\"1 1 []\">Kesko Sverige \u00e4r ett hel\u00e4gt dotterbolag till den finska globala koncernen Kesko Oyj som driver dagligvaruhandel, bilhandel samt bygg- och teknisk handel. Kesko Oyj har 45 000 anst\u00e4llda med verksamhet i 8 l\u00e4nder.<\/p>\n<p>Vi finns \u00f6ver hela Sverige, fr\u00e5n Storuman i norr till H\u00e4stveda i s\u00f6der. Idag \u00e4r vi 1400 medarbetare. V\u00e5rt huvudkontor ligger moderna lokaler i Kista, i norra Stockholm.<\/p>\n<p>Vi \u00e4ger och driver verksamheter inom bygg- och teknisk handel. Vi har butiker med byggmaterial riktade till proffs och konsumenter, under varum\u00e4rket\u00a0<strong>K-Bygg<\/strong>. Vi erbjuder teknisk handel s\u00e5som eln\u00e4t, mark och infrastruktur samt installation och f\u00f6rnybara l\u00f6sningar, under varum\u00e4rket\u00a0<strong>Onninen<\/strong>.<\/p>\n<p>Tillsammans har vi storleken att g\u00f6ra skillnad.<\/p>\n<p>[\/et_pb_text][\/et_pb_column][et_pb_column type=&#8221;1_2&#8243; _builder_version=&#8221;4.16&#8243; _module_preset=&#8221;default&#8221; custom_css_main_element=&#8221;margin: auto;&#8221; global_colors_info=&#8221;{}&#8221;][et_pb_video src=&#8221;https:\/\/vimeo.com\/1048286917?share=copy&#8221; src_webm=&#8221;https:\/\/vimeo.com\/1048286917?share=copy&#8221; image_src=&#8221;\/\/i.vimeocdn.com\/video\/1972411335-e8fe0fc2bfb002b4193c12944e24e956aed1bdee24488d5bcc11226713713c66-d_960&#8243; thumbnail_overlay_color=&#8221;rgba(0,0,0,0.6)&#8221; _builder_version=&#8221;4.27.4&#8243; _module_preset=&#8221;default&#8221; global_colors_info=&#8221;{}&#8221;][\/et_pb_video][\/et_pb_column][\/et_pb_row][\/et_pb_section][et_pb_section fb_built=&#8221;1&#8243; _builder_version=&#8221;4.16&#8243; _module_preset=&#8221;default&#8221; background_color=&#8221;#fafafa&#8221; border_width_top=&#8221;4px&#8221; border_color_top=&#8221;#00205b&#8221; border_width_bottom=&#8221;4px&#8221; border_color_bottom=&#8221;#00205b&#8221; global_colors_info=&#8221;{}&#8221;][et_pb_row column_structure=&#8221;1_2,1_2&#8243; _builder_version=&#8221;4.16&#8243; _module_preset=&#8221;default&#8221; global_colors_info=&#8221;{}&#8221;][et_pb_column type=&#8221;1_2&#8243; _builder_version=&#8221;4.16&#8243; _module_preset=&#8221;default&#8221; global_colors_info=&#8221;{}&#8221;][et_pb_blurb title=&#8221;V\u00e5r v\u00e4g fram\u00e5t&#8221; image=&#8221;http:\/\/keskosverige.wpengine.com\/wp-content\/uploads\/2020\/11\/varvag_200x150.png&#8221; image_icon_width=&#8221;150px&#8221; _builder_version=&#8221;4.27.4&#8243; _module_preset=&#8221;default&#8221; header_level=&#8221;h3&#8243; header_line_height=&#8221;2em&#8221; text_orientation=&#8221;center&#8221; animation_style=&#8221;bounce&#8221; image_max_width=&#8221;150px&#8221; global_colors_info=&#8221;{}&#8221;]<\/p>\n<p data-pm-slice=\"1 1 []\">Kesko Sveriges m\u00e5l \u00e4r att bli nr 1 i Sverige inom bygg- och teknisk handel och en attraktiv och uppskattad arbetsgivare.<\/p>\n<p>Vi ska vara v\u00e5ra kunders f\u00f6rsta val, och en partner som v\u00e5ra leverant\u00f6rer vill stanna kvar hos.<\/p>\n<p>Med en stark och l\u00e5ngsiktig \u00e4gare i ryggen, tv\u00e5 framg\u00e5ngsrika varum\u00e4rken och engagerade, kompetenta medarbetare kommer vi att forts\u00e4tta att v\u00e4xa med framg\u00e5ng i Sverige.<\/p>\n<p>[\/et_pb_blurb][\/et_pb_column][et_pb_column type=&#8221;1_2&#8243; _builder_version=&#8221;4.16&#8243; _module_preset=&#8221;default&#8221; global_colors_info=&#8221;{}&#8221;][et_pb_blurb title=&#8221;V\u00e5rt ansvar i samh\u00e4llet&#8221; image=&#8221;http:\/\/keskosverige.wpengine.com\/wp-content\/uploads\/2020\/11\/vartansvar_200x150.png&#8221; image_icon_width=&#8221;150px&#8221; _builder_version=&#8221;4.27.4&#8243; _module_preset=&#8221;default&#8221; header_level=&#8221;h3&#8243; header_line_height=&#8221;2em&#8221; text_orientation=&#8221;center&#8221; animation_style=&#8221;bounce&#8221; image_max_width=&#8221;150px&#8221; global_colors_info=&#8221;{}&#8221;]<\/p>\n<p data-pm-slice=\"1 1 []\">Inom Kesko Sverige vill vi g\u00f6ra mer. Vi vill ta ansvar f\u00f6r och g\u00f6ra insatser mot det avtryck som m\u00e4nniskor och f\u00f6retag har p\u00e5 omv\u00e4rlden.<\/p>\n<p>Hela Kesko-koncernen och v\u00e5ra \u00e4gare genomsyras av gedigen kunskap, engagemang och passion i h\u00e5llbar utveckling. <a href=\"https:\/\/kesko.se\/hallbarhet\/\" target=\"_blank\" rel=\"noopener\">L\u00e4s mer\u00a0h\u00e4r<\/a>.<\/p>\n<p>Vi inom Kesko \u00e4r s\u00e4kra p\u00e5 att arbetet med h\u00e5llbarhet och st\u00e4ndig f\u00f6rb\u00e4ttring ger l\u00e5ngsiktig l\u00f6nsamhet och merv\u00e4rde f\u00f6r s\u00e5v\u00e4l kunder som medarbetare.<\/p>\n<p>[\/et_pb_blurb][\/et_pb_column][\/et_pb_row][et_pb_row column_structure=&#8221;1_2,1_2&#8243; _builder_version=&#8221;4.16&#8243; _module_preset=&#8221;default&#8221; global_colors_info=&#8221;{}&#8221;][et_pb_column type=&#8221;1_2&#8243; _builder_version=&#8221;4.16&#8243; _module_preset=&#8221;default&#8221; global_colors_info=&#8221;{}&#8221;][et_pb_blurb title=&#8221;Det vi st\u00e5r f\u00f6r&#8221; image=&#8221;http:\/\/keskosverige.wpengine.com\/wp-content\/uploads\/2020\/11\/detvi_200x150.png&#8221; image_icon_width=&#8221;150px&#8221; _builder_version=&#8221;4.27.4&#8243; _module_preset=&#8221;default&#8221; header_level=&#8221;h3&#8243; header_line_height=&#8221;2em&#8221; text_orientation=&#8221;center&#8221; animation_style=&#8221;bounce&#8221; image_max_width=&#8221;150px&#8221; global_colors_info=&#8221;{}&#8221;]<\/p>\n<p>Vi i Kesko Sverige har en gemensam v\u00e4rdegrund som guidar oss i hur vi \u00e4r mot varandra och mot v\u00e5ra kunder.<br \/>V\u00e5ra v\u00e4rderingar kan sammanfattas i fyra v\u00e4rdeord, som skapar f\u00f6ruts\u00e4ttningar f\u00f6r att alla som jobbar p\u00e5 Kesko ska kunna g\u00f6ra allt f\u00f6r kunden med h\u00f6g kvalitet; proaktivitet, ambition,ansvar, samarbete.<\/p>\n<p>V\u00e5r v\u00e4rdegrund \u00e4r viktig f\u00f6r oss. Tillsammans med v\u00e5r vision, v\u00e5rt m\u00e5l och v\u00e5r strategi, \u00e4r den kartan \u00f6ver v\u00e5r v\u00e4g fram\u00e5t och f\u00f6r v\u00e5r utveckling p\u00e5 den svenska marknaden.<\/p>\n<p><a href=\"https:\/\/kesko.se\/om-oss\/varderingar\/\" target=\"_blank\" rel=\"noopener\">L\u00e4s mer h\u00e4r<\/a><\/p>\n<p>[\/et_pb_blurb][\/et_pb_column][et_pb_column type=&#8221;1_2&#8243; _builder_version=&#8221;4.16&#8243; _module_preset=&#8221;default&#8221; global_colors_info=&#8221;{}&#8221;][et_pb_blurb title=&#8221;Att jobba hos oss&#8221; image=&#8221;http:\/\/keskosverige.wpengine.com\/wp-content\/uploads\/2020\/11\/varvag_200x150.png&#8221; image_icon_width=&#8221;150px&#8221; _builder_version=&#8221;4.27.4&#8243; _module_preset=&#8221;default&#8221; header_level=&#8221;h3&#8243; header_line_height=&#8221;2em&#8221; text_orientation=&#8221;center&#8221; animation_style=&#8221;bounce&#8221; image_max_width=&#8221;150px&#8221; global_colors_info=&#8221;{}&#8221;]<\/p>\n<p data-pm-slice=\"1 1 []\">Kesko Sverige \u00e4r en organisation med stadig tillv\u00e4xt. Vi har m\u00e5nga olika kundsegment, m\u00e5nga olika typer av produkter och en stor geografisk spridning. Vi erbjuder d\u00e4rf\u00f6r m\u00e5nga utvecklingsm\u00f6jligheter och karri\u00e4rv\u00e4gar.<\/p>\n<p>Hos oss kan du arbeta p\u00e5 K-Byggs anl\u00e4ggningar n\u00e5gonstans i Sverige eller s\u00e4ljare inom teknisk handel p\u00e5 Onninen. Vi har ett\u00a0 centrallager i \u00d6rebro och flera kontor d\u00e4r du kan arbeta med exempelvis ink\u00f6p, logistik, marknad eller eCom.<\/p>\n<p>Var du \u00e4n jobbar hos oss, blir du en del av en snabbv\u00e4xande och framg\u00e5ngsrik organisation!<\/p>\n<p>[\/et_pb_blurb][\/et_pb_column][\/et_pb_row][\/et_pb_section][et_pb_section fb_built=&#8221;1&#8243; _builder_version=&#8221;4.16&#8243; _module_preset=&#8221;default&#8221; background_color=&#8221;#00205b&#8221; global_colors_info=&#8221;{}&#8221;][et_pb_row column_structure=&#8221;1_4,1_4,1_4,1_4&#8243; _builder_version=&#8221;4.16&#8243; _module_preset=&#8221;default&#8221; global_colors_info=&#8221;{}&#8221;][et_pb_column type=&#8221;1_4&#8243; _builder_version=&#8221;4.16&#8243; _module_preset=&#8221;default&#8221; global_colors_info=&#8221;{}&#8221;][et_pb_text _builder_version=&#8221;4.27.4&#8243; _module_preset=&#8221;default&#8221; background_layout=&#8221;dark&#8221; global_colors_info=&#8221;{}&#8221;]<\/p>\n<p><strong>Kesko Sveriges HR-avdelning<\/strong><\/p>\n<p><a href=\"mailto:hr-service@kesko.sem\">hr-service@kesko.se<\/a><\/p>\n<p>Hit kan du h\u00f6ra av dig med dina fr\u00e5gor om att jobba hos Kesko Sverige \u2013 med varum\u00e4rkena K-Bygg och Onninen.<\/p>\n<p>[\/et_pb_text][\/et_pb_column][et_pb_column type=&#8221;1_4&#8243; _builder_version=&#8221;4.16&#8243; _module_preset=&#8221;default&#8221; global_colors_info=&#8221;{}&#8221;][et_pb_text _builder_version=&#8221;4.16&#8243; _module_preset=&#8221;default&#8221; background_layout=&#8221;dark&#8221; global_colors_info=&#8221;{}&#8221;]<\/p>\n<p><strong>K-Bygg<\/strong><\/p>\n<p><a href=\"http:\/\/www.k-bygg.se\/\" target=\"_blank\" rel=\"noopener noreferrer\">www.k-bygg.se<\/a><\/p>\n<p>[\/et_pb_text][et_pb_social_media_follow icon_color=&#8221;#FFFFFF&#8221; _builder_version=&#8221;4.16&#8243; _module_preset=&#8221;default&#8221; background_enable_color=&#8221;off&#8221; global_colors_info=&#8221;{}&#8221;][et_pb_social_media_follow_network social_network=&#8221;facebook&#8221; url=&#8221;https:\/\/www.facebook.com\/KByggSverige&#8221; icon_color=&#8221;#00205b&#8221; _builder_version=&#8221;4.16&#8243; _module_preset=&#8221;default&#8221; background_color=&#8221;#ffffff&#8221; background_enable_color=&#8221;on&#8221; global_colors_info=&#8221;{}&#8221; follow_button=&#8221;off&#8221; url_new_window=&#8221;on&#8221;]facebook[\/et_pb_social_media_follow_network][et_pb_social_media_follow_network social_network=&#8221;linkedin&#8221; url=&#8221;https:\/\/www.linkedin.com\/company\/fresks-group-ab\/&#8221; icon_color=&#8221;#00205b&#8221; _builder_version=&#8221;4.16&#8243; _module_preset=&#8221;default&#8221; background_color=&#8221;#ffffff&#8221; background_enable_color=&#8221;on&#8221; global_colors_info=&#8221;{}&#8221; follow_button=&#8221;off&#8221; url_new_window=&#8221;on&#8221;]linkedin[\/et_pb_social_media_follow_network][et_pb_social_media_follow_network social_network=&#8221;instagram&#8221; url=&#8221;https:\/\/www.instagram.com\/kbygg.sverige\/?hl=sv&#8221; icon_color=&#8221;#00205b&#8221; _builder_version=&#8221;4.16&#8243; _module_preset=&#8221;default&#8221; background_color=&#8221;#ffffff&#8221; background_enable_color=&#8221;on&#8221; global_colors_info=&#8221;{}&#8221; follow_button=&#8221;off&#8221; url_new_window=&#8221;on&#8221;]instagram[\/et_pb_social_media_follow_network][\/et_pb_social_media_follow][\/et_pb_column][et_pb_column type=&#8221;1_4&#8243; _builder_version=&#8221;4.16&#8243; _module_preset=&#8221;default&#8221; global_colors_info=&#8221;{}&#8221;][et_pb_text _builder_version=&#8221;4.16&#8243; _module_preset=&#8221;default&#8221; background_layout=&#8221;dark&#8221; global_colors_info=&#8221;{}&#8221;]<\/p>\n<p><strong>Onninen<\/strong><\/p>\n<p><a href=\"http:\/\/www.onninen.se\/\" target=\"_blank\" rel=\"noopener noreferrer\">www.onninen.se<\/a><\/p>\n<p>[\/et_pb_text][et_pb_social_media_follow icon_color=&#8221;#FFFFFF&#8221; _builder_version=&#8221;4.16&#8243; _module_preset=&#8221;default&#8221; background_enable_color=&#8221;off&#8221; global_colors_info=&#8221;{}&#8221;][et_pb_social_media_follow_network social_network=&#8221;facebook&#8221; url=&#8221;https:\/\/www.facebook.com\/onninensverige\/&#8221; icon_color=&#8221;#00205b&#8221; _builder_version=&#8221;4.16&#8243; _module_preset=&#8221;default&#8221; background_color=&#8221;#ffffff&#8221; background_enable_color=&#8221;on&#8221; global_colors_info=&#8221;{}&#8221; follow_button=&#8221;off&#8221; url_new_window=&#8221;on&#8221;]facebook[\/et_pb_social_media_follow_network][et_pb_social_media_follow_network social_network=&#8221;linkedin&#8221; url=&#8221;https:\/\/www.linkedin.com\/company\/onninen-sverige\/&#8221; icon_color=&#8221;#00205b&#8221; _builder_version=&#8221;4.16&#8243; _module_preset=&#8221;default&#8221; background_color=&#8221;#ffffff&#8221; background_enable_color=&#8221;on&#8221; global_colors_info=&#8221;{}&#8221; follow_button=&#8221;off&#8221; url_new_window=&#8221;on&#8221;]linkedin[\/et_pb_social_media_follow_network][\/et_pb_social_media_follow][\/et_pb_column][et_pb_column type=&#8221;1_4&#8243; _builder_version=&#8221;4.16&#8243; _module_preset=&#8221;default&#8221; global_colors_info=&#8221;{}&#8221;][\/et_pb_column][\/et_pb_row][\/et_pb_section][et_pb_section fb_built=&#8221;1&#8243; _builder_version=&#8221;4.16&#8243; _module_preset=&#8221;default&#8221; global_colors_info=&#8221;{}&#8221;][et_pb_row _builder_version=&#8221;4.16&#8243; _module_preset=&#8221;default&#8221; global_colors_info=&#8221;{}&#8221;][et_pb_column type=&#8221;4_4&#8243; _builder_version=&#8221;4.16&#8243; _module_preset=&#8221;default&#8221; global_colors_info=&#8221;{}&#8221;][et_pb_text _builder_version=&#8221;4.16&#8243; _module_preset=&#8221;default&#8221; global_colors_info=&#8221;{}&#8221;]<\/p>\n<p style=\"text-align: center;\">Designed &amp; Powered by <a href=\"https:\/\/www.jobylon.com\/\" target=\"_blank\" rel=\"noopener noreferrer\">Jobylon<\/a><\/p>\n<p>&nbsp;<\/p>\n<p>[\/et_pb_text][et_pb_image src=&#8221;http:\/\/keskosverige.wpengine.com\/wp-content\/uploads\/2020\/11\/Jobylon.svg&#8221; title_text=&#8221;Jobylon&#8221; align=&#8221;center&#8221; _builder_version=&#8221;4.16&#8243; _module_preset=&#8221;default&#8221; width=&#8221;19%&#8221; custom_margin=&#8221;-80px||||false|false&#8221; custom_css_main_element=&#8221;opacity: 0.5;&#8221; global_colors_info=&#8221;{}&#8221;][\/et_pb_image][\/et_pb_column][\/et_pb_row][\/et_pb_section]<\/p>\n","protected":false},"excerpt":{"rendered":"<p>Vill du vara med? K-Bygg \u00e4r bygghandeln som satsar p\u00e5 kunskap, kvalitet och kompetens. Hos oss hittar byggproffsen kvalitetsprodukterna och materialet som beh\u00f6vs f\u00f6r byggprojekten och h\u00e4r finns l\u00e5ng erfarenhet och stor kunskap av att f\u00f6rverkliga byggprojekt. Vi jobbar n\u00e4ra v\u00e5ra proffskunder och ser till att alla delar av bygglivet faller p\u00e5 plats, med allt [&hellip;]<\/p>\n","protected":false},"author":1,"featured_media":0,"parent":0,"menu_order":0,"comment_status":"closed","ping_status":"closed","template":"","meta":{"_et_pb_use_builder":"on","_et_pb_old_content":"","_et_gb_content_width":"","inline_featured_image":false,"footnotes":""},"class_list":["post-6","page","type-page","status-publish","hentry"],"_links":{"self":[{"href":"https:\/\/kesko.jobylon.com\/index.php?rest_route=\/wp\/v2\/pages\/6","targetHints":{"allow":["GET"]}}],"collection":[{"href":"https:\/\/kesko.jobylon.com\/index.php?rest_route=\/wp\/v2\/pages"}],"about":[{"href":"https:\/\/kesko.jobylon.com\/index.php?rest_route=\/wp\/v2\/types\/page"}],"author":[{"embeddable":true,"href":"https:\/\/kesko.jobylon.com\/index.php?rest_route=\/wp\/v2\/users\/1"}],"replies":[{"embeddable":true,"href":"https:\/\/kesko.jobylon.com\/index.php?rest_route=%2Fwp%2Fv2%2Fcomments&post=6"}],"version-history":[{"count":0,"href":"https:\/\/kesko.jobylon.com\/index.php?rest_route=\/wp\/v2\/pages\/6\/revisions"}],"wp:attachment":[{"href":"https:\/\/kesko.jobylon.com\/index.php?rest_route=%2Fwp%2Fv2%2Fmedia&parent=6"}],"curies":[{"name":"wp","href":"https:\/\/api.w.org\/{rel}","templated":true}]}}